{"id":5392,"date":"2022-06-07T23:57:30","date_gmt":"2022-06-07T23:57:30","guid":{"rendered":"https:\/\/my-seatime.com\/?page_id=5392"},"modified":"2022-12-02T15:30:35","modified_gmt":"2022-12-02T15:30:35","slug":"referenzen","status":"publish","type":"page","link":"https:\/\/my-seatime.com\/en\/referenzen","title":{"rendered":"References"},"content":{"rendered":"<div data-elementor-type=\"wp-page\" data-elementor-id=\"5392\" class=\"elementor elementor-5392\">\n\t\t\t\t\t\t\t\t\t<section class=\"elementor-section elementor-top-section elementor-element elementor-element-f530747 elementor-section-boxed elementor-section-height-default elementor-section-height-default qodef-elementor-content-no\" data-id=\"f530747\" data-element_type=\"section\">\n\t\t\t\t\t\t<div class=\"elementor-container elementor-column-gap-default\">\n\t\t\t\t\t<div class=\"elementor-column elementor-col-100 elementor-top-column elementor-element elementor-element-5188f41\" data-id=\"5188f41\" data-element_type=\"column\">\n\t\t\t<div class=\"elementor-widget-wrap elementor-element-populated\">\n\t\t\t\t\t\t\t\t<div class=\"elementor-element elementor-element-3071afa3 elementor-widget elementor-widget-seafarer_core_section_title\" data-id=\"3071afa3\" data-element_type=\"widget\" data-widget_type=\"seafarer_core_section_title.default\">\n\t\t\t\t<div class=\"elementor-widget-container\">\n\t\t\t<div class=\"qodef-shortcode qodef-m  qodef-section-title qodef-alignment--center\">\n\t\t<div class=\"qodef-m-content\">\n\t\t\n\t\t\t\t\t<h2 class=\"qodef-m-title\" style=\"color: #BFA888\">\n\t\t\t\t\tFeedback\t\t\t<\/h2>\n\t\t\t<p class=\"qodef-m-text\" style=\"color: #020100\">Wir f\u00fchlen uns in der Rolle als Dienstleister sehr wohl<\/p>\n\t<\/div>\n<\/div>\n\t\t<\/div>\n\t\t\t\t<\/div>\n\t\t\t\t<div class=\"elementor-element elementor-element-999d277 elementor-widget elementor-widget-spacer\" data-id=\"999d277\" data-element_type=\"widget\" data-widget_type=\"spacer.default\">\n\t\t\t\t<div class=\"elementor-widget-container\">\n\t\t\t<style>\/*! elementor - v3.15.0 - 09-08-2023 *\/\n.elementor-column .elementor-spacer-inner{height:var(--spacer-size)}.e-con{--container-widget-width:100%}.e-con-inner>.elementor-widget-spacer,.e-con>.elementor-widget-spacer{width:var(--container-widget-width,var(--spacer-size));--align-self:var(--container-widget-align-self,initial);--flex-shrink:0}.e-con-inner>.elementor-widget-spacer>.elementor-widget-container,.e-con-inner>.elementor-widget-spacer>.elementor-widget-container>.elementor-spacer,.e-con>.elementor-widget-spacer>.elementor-widget-container,.e-con>.elementor-widget-spacer>.elementor-widget-container>.elementor-spacer{height:100%}.e-con-inner>.elementor-widget-spacer>.elementor-widget-container>.elementor-spacer>.elementor-spacer-inner,.e-con>.elementor-widget-spacer>.elementor-widget-container>.elementor-spacer>.elementor-spacer-inner{height:var(--container-widget-height,var(--spacer-size))}<\/style>\t\t<div class=\"elementor-spacer\">\n\t\t\t<div class=\"elementor-spacer-inner\"><\/div>\n\t\t<\/div>\n\t\t\t\t<\/div>\n\t\t\t\t<\/div>\n\t\t\t\t\t<\/div>\n\t\t<\/div>\n\t\t\t\t\t\t\t<\/div>\n\t\t<\/section>\n\t\t\t\t<section class=\"elementor-section elementor-top-section elementor-element elementor-element-0aa2e99 elementor-section-boxed elementor-section-height-default elementor-section-height-default qodef-elementor-content-no\" data-id=\"0aa2e99\" data-element_type=\"section\" data-settings=\"{&quot;background_background&quot;:&quot;classic&quot;}\">\n\t\t\t\t\t\t<div class=\"elementor-container elementor-column-gap-default\">\n\t\t\t\t\t<div class=\"elementor-column elementor-col-100 elementor-top-column elementor-element elementor-element-8888acc\" data-id=\"8888acc\" data-element_type=\"column\">\n\t\t\t<div class=\"elementor-widget-wrap elementor-element-populated\">\n\t\t\t\t\t\t\t\t<div class=\"elementor-element elementor-element-e8b69c2 elementor-widget elementor-widget-seafarer_core_section_title\" data-id=\"e8b69c2\" data-element_type=\"widget\" data-widget_type=\"seafarer_core_section_title.default\">\n\t\t\t\t<div class=\"elementor-widget-container\">\n\t\t\t<div class=\"qodef-shortcode qodef-m  qodef-section-title qodef-alignment--center\">\n\t\t<div class=\"qodef-m-content\">\n\t\t\n\t\t    <h3 class=\"qodef-m-subtitle\" style=\"color: #000000\">\n    Bewertung 1    <\/h3>\n\t\t\t\t\t<p class=\"qodef-m-text\" >Wir hatten eine unvergessliche Woche in Kroatien. War TOP! Es gab nichts zu bem\u00e4ngeln, super &amp; hilfreiches Team, gute Tipps, unkomplzierte \u00dcbergabe und ein super Skipper. Wir kommen wieder! \ud83d\ude42 \/ Facebook Alessio Saporito<\/p>\n\t<\/div>\n<\/div>\n\t\t<\/div>\n\t\t\t\t<\/div>\n\t\t\t\t<div class=\"elementor-element elementor-element-9081284 elementor-widget-divider--view-line elementor-widget elementor-widget-divider\" data-id=\"9081284\" data-element_type=\"widget\" data-widget_type=\"divider.default\">\n\t\t\t\t<div class=\"elementor-widget-container\">\n\t\t\t<style>\/*! elementor - v3.15.0 - 09-08-2023 *\/\n.elementor-widget-divider{--divider-border-style:none;--divider-border-width:1px;--divider-color:#0c0d0e;--divider-icon-size:20px;--divider-element-spacing:10px;--divider-pattern-height:24px;--divider-pattern-size:20px;--divider-pattern-url:none;--divider-pattern-repeat:repeat-x}.elementor-widget-divider .elementor-divider{display:flex}.elementor-widget-divider .elementor-divider__text{font-size:15px;line-height:1;max-width:95%}.elementor-widget-divider .elementor-divider__element{margin:0 var(--divider-element-spacing);flex-shrink:0}.elementor-widget-divider .elementor-icon{font-size:var(--divider-icon-size)}.elementor-widget-divider .elementor-divider-separator{display:flex;margin:0;direction:ltr}.elementor-widget-divider--view-line_icon .elementor-divider-separator,.elementor-widget-divider--view-line_text .elementor-divider-separator{align-items:center}.elementor-widget-divider--view-line_icon .elementor-divider-separator:after,.elementor-widget-divider--view-line_icon .elementor-divider-separator:before,.elementor-widget-divider--view-line_text .elementor-divider-separator:after,.elementor-widget-divider--view-line_text .elementor-divider-separator:before{display:block;content:\"\";border-bottom:0;flex-grow:1;border-top:var(--divider-border-width) var(--divider-border-style) var(--divider-color)}.elementor-widget-divider--element-align-left .elementor-divider .elementor-divider-separator>.elementor-divider__svg:first-of-type{flex-grow:0;flex-shrink:100}.elementor-widget-divider--element-align-left .elementor-divider-separator:before{content:none}.elementor-widget-divider--element-align-left .elementor-divider__element{margin-left:0}.elementor-widget-divider--element-align-right .elementor-divider .elementor-divider-separator>.elementor-divider__svg:last-of-type{flex-grow:0;flex-shrink:100}.elementor-widget-divider--element-align-right .elementor-divider-separator:after{content:none}.elementor-widget-divider--element-align-right .elementor-divider__element{margin-right:0}.elementor-widget-divider:not(.elementor-widget-divider--view-line_text):not(.elementor-widget-divider--view-line_icon) .elementor-divider-separator{border-top:var(--divider-border-width) var(--divider-border-style) var(--divider-color)}.elementor-widget-divider--separator-type-pattern{--divider-border-style:none}.elementor-widget-divider--separator-type-pattern.elementor-widget-divider--view-line .elementor-divider-separator,.elementor-widget-divider--separator-type-pattern:not(.elementor-widget-divider--view-line) .elementor-divider-separator:after,.elementor-widget-divider--separator-type-pattern:not(.elementor-widget-divider--view-line) .elementor-divider-separator:before,.elementor-widget-divider--separator-type-pattern:not([class*=elementor-widget-divider--view]) .elementor-divider-separator{width:100%;min-height:var(--divider-pattern-height);-webkit-mask-size:var(--divider-pattern-size) 100%;mask-size:var(--divider-pattern-size) 100%;-webkit-mask-repeat:var(--divider-pattern-repeat);mask-repeat:var(--divider-pattern-repeat);background-color:var(--divider-color);-webkit-mask-image:var(--divider-pattern-url);mask-image:var(--divider-pattern-url)}.elementor-widget-divider--no-spacing{--divider-pattern-size:auto}.elementor-widget-divider--bg-round{--divider-pattern-repeat:round}.rtl .elementor-widget-divider .elementor-divider__text{direction:rtl}.e-con-inner>.elementor-widget-divider,.e-con>.elementor-widget-divider{width:var(--container-widget-width,100%);--flex-grow:var(--container-widget-flex-grow)}<\/style>\t\t<div class=\"elementor-divider\">\n\t\t\t<span class=\"elementor-divider-separator\">\n\t\t\t\t\t\t<\/span>\n\t\t<\/div>\n\t\t\t\t<\/div>\n\t\t\t\t<\/div>\n\t\t\t\t\t<\/div>\n\t\t<\/div>\n\t\t\t\t\t\t\t<\/div>\n\t\t<\/section>\n\t\t\t\t<section class=\"elementor-section elementor-top-section elementor-element elementor-element-dc0513e elementor-section-boxed elementor-section-height-default elementor-section-height-default qodef-elementor-content-no\" data-id=\"dc0513e\" data-element_type=\"section\" data-settings=\"{&quot;background_background&quot;:&quot;classic&quot;}\">\n\t\t\t\t\t\t<div class=\"elementor-container elementor-column-gap-default\">\n\t\t\t\t\t<div class=\"elementor-column elementor-col-100 elementor-top-column elementor-element elementor-element-dc71003\" data-id=\"dc71003\" data-element_type=\"column\">\n\t\t\t<div class=\"elementor-widget-wrap elementor-element-populated\">\n\t\t\t\t\t\t\t\t<div class=\"elementor-element elementor-element-826454b elementor-widget elementor-widget-seafarer_core_section_title\" data-id=\"826454b\" data-element_type=\"widget\" data-widget_type=\"seafarer_core_section_title.default\">\n\t\t\t\t<div class=\"elementor-widget-container\">\n\t\t\t<div class=\"qodef-shortcode qodef-m  qodef-section-title qodef-alignment--center\">\n\t\t<div class=\"qodef-m-content\">\n\t\t\n\t\t    <h3 class=\"qodef-m-subtitle\" style=\"color: #000000\">\n    Bewertung 2    <\/h3>\n\t\t\t\t\t<p class=\"qodef-m-text\" >Wir hatten eine tolle Woche in Kroatien und gro\u00dfen Anteil daran hatten Detlef und sein Team. Wir wurden freundlich und mit offenen Ohren empfangen, es gab f\u00fcr jede Situation gute Tipps und wir haben uns rundum sehr wohl gef\u00fchlt. \nGerne wieder! \/ Facebook Fanziskus B\u00fcchner<\/p>\n\t<\/div>\n<\/div>\n\t\t<\/div>\n\t\t\t\t<\/div>\n\t\t\t\t<div class=\"elementor-element elementor-element-4ba772b elementor-widget-divider--view-line elementor-widget elementor-widget-divider\" data-id=\"4ba772b\" data-element_type=\"widget\" data-widget_type=\"divider.default\">\n\t\t\t\t<div class=\"elementor-widget-container\">\n\t\t\t\t\t<div class=\"elementor-divider\">\n\t\t\t<span class=\"elementor-divider-separator\">\n\t\t\t\t\t\t<\/span>\n\t\t<\/div>\n\t\t\t\t<\/div>\n\t\t\t\t<\/div>\n\t\t\t\t\t<\/div>\n\t\t<\/div>\n\t\t\t\t\t\t\t<\/div>\n\t\t<\/section>\n\t\t\t\t<section class=\"elementor-section elementor-top-section elementor-element elementor-element-77bd38d elementor-section-boxed elementor-section-height-default elementor-section-height-default qodef-elementor-content-no\" data-id=\"77bd38d\" data-element_type=\"section\" data-settings=\"{&quot;background_background&quot;:&quot;classic&quot;}\">\n\t\t\t\t\t\t<div class=\"elementor-container elementor-column-gap-default\">\n\t\t\t\t\t<div class=\"elementor-column elementor-col-100 elementor-top-column elementor-element elementor-element-5c087cb\" data-id=\"5c087cb\" data-element_type=\"column\">\n\t\t\t<div class=\"elementor-widget-wrap elementor-element-populated\">\n\t\t\t\t\t\t\t\t<div class=\"elementor-element elementor-element-51a6be4 elementor-widget elementor-widget-seafarer_core_section_title\" data-id=\"51a6be4\" data-element_type=\"widget\" data-widget_type=\"seafarer_core_section_title.default\">\n\t\t\t\t<div class=\"elementor-widget-container\">\n\t\t\t<div class=\"qodef-shortcode qodef-m  qodef-section-title qodef-alignment--center\">\n\t\t<div class=\"qodef-m-content\">\n\t\t\n\t\t    <h3 class=\"qodef-m-subtitle\" style=\"color: #000000\">\n    Bewertung 3    <\/h3>\n\t\t\t\t\t<p class=\"qodef-m-text\" >Top kundenorientiertes Charterunternehmen. Man geht hier auf die Kundenw\u00fcnsche ein und die gro\u00dfe Auswahl an verschiedenen Yachten l\u00e4sst keine W\u00fcnsche offen. \/ Facebook Marcus Riffa\n<\/p>\n\t<\/div>\n<\/div>\n\t\t<\/div>\n\t\t\t\t<\/div>\n\t\t\t\t<div class=\"elementor-element elementor-element-53b578f elementor-widget-divider--view-line elementor-widget elementor-widget-divider\" data-id=\"53b578f\" data-element_type=\"widget\" data-widget_type=\"divider.default\">\n\t\t\t\t<div class=\"elementor-widget-container\">\n\t\t\t\t\t<div class=\"elementor-divider\">\n\t\t\t<span class=\"elementor-divider-separator\">\n\t\t\t\t\t\t<\/span>\n\t\t<\/div>\n\t\t\t\t<\/div>\n\t\t\t\t<\/div>\n\t\t\t\t\t<\/div>\n\t\t<\/div>\n\t\t\t\t\t\t\t<\/div>\n\t\t<\/section>\n\t\t\t\t<section class=\"elementor-section elementor-top-section elementor-element elementor-element-55c15c5 elementor-section-boxed elementor-section-height-default elementor-section-height-default qodef-elementor-content-no\" data-id=\"55c15c5\" data-element_type=\"section\" data-settings=\"{&quot;background_background&quot;:&quot;classic&quot;}\">\n\t\t\t\t\t\t<div class=\"elementor-container elementor-column-gap-default\">\n\t\t\t\t\t<div class=\"elementor-column elementor-col-100 elementor-top-column elementor-element elementor-element-4930eb1\" data-id=\"4930eb1\" data-element_type=\"column\">\n\t\t\t<div class=\"elementor-widget-wrap elementor-element-populated\">\n\t\t\t\t\t\t\t\t<div class=\"elementor-element elementor-element-82d7f03 elementor-widget elementor-widget-seafarer_core_section_title\" data-id=\"82d7f03\" data-element_type=\"widget\" data-widget_type=\"seafarer_core_section_title.default\">\n\t\t\t\t<div class=\"elementor-widget-container\">\n\t\t\t<div class=\"qodef-shortcode qodef-m  qodef-section-title qodef-alignment--center\">\n\t\t<div class=\"qodef-m-content\">\n\t\t\n\t\t    <h3 class=\"qodef-m-subtitle\" style=\"color: #000000\">\n    Bewertung 4    <\/h3>\n\t\t\t\t\t<p class=\"qodef-m-text\" >Wir hatten die Bavaria 42 HT, tolles Boot ! Von Anfang bis zum Schluss eine super Betreuung und ein wundersch\u00f6ner Urlaub f\u00fcr uns und unseren Wasserhund ! Herr Drazen vom St\u00fctzpunkt half uns bei einem kleinen technischen Problem sofort und k\u00fcmmerte sich um die rasche Erledigung, perfekt \ud83d\udc4d bis zum n\u00e4chsten mal Lg Susi u Robert \/ Wien \/ Facebook Susanne Dibon<\/p>\n\t<\/div>\n<\/div>\n\t\t<\/div>\n\t\t\t\t<\/div>\n\t\t\t\t<div class=\"elementor-element elementor-element-ca65fe0 elementor-widget-divider--view-line elementor-widget elementor-widget-divider\" data-id=\"ca65fe0\" data-element_type=\"widget\" data-widget_type=\"divider.default\">\n\t\t\t\t<div class=\"elementor-widget-container\">\n\t\t\t\t\t<div class=\"elementor-divider\">\n\t\t\t<span class=\"elementor-divider-separator\">\n\t\t\t\t\t\t<\/span>\n\t\t<\/div>\n\t\t\t\t<\/div>\n\t\t\t\t<\/div>\n\t\t\t\t\t<\/div>\n\t\t<\/div>\n\t\t\t\t\t\t\t<\/div>\n\t\t<\/section>\n\t\t\t\t<section class=\"elementor-section elementor-top-section elementor-element elementor-element-197b340 elementor-section-boxed elementor-section-height-default elementor-section-height-default qodef-elementor-content-no\" data-id=\"197b340\" data-element_type=\"section\" data-settings=\"{&quot;background_background&quot;:&quot;classic&quot;}\">\n\t\t\t\t\t\t<div class=\"elementor-container elementor-column-gap-default\">\n\t\t\t\t\t<div class=\"elementor-column elementor-col-100 elementor-top-column elementor-element elementor-element-df04228\" data-id=\"df04228\" data-element_type=\"column\">\n\t\t\t<div class=\"elementor-widget-wrap elementor-element-populated\">\n\t\t\t\t\t\t\t\t<div class=\"elementor-element elementor-element-cbbc955 elementor-widget elementor-widget-seafarer_core_section_title\" data-id=\"cbbc955\" data-element_type=\"widget\" data-widget_type=\"seafarer_core_section_title.default\">\n\t\t\t\t<div class=\"elementor-widget-container\">\n\t\t\t<div class=\"qodef-shortcode qodef-m  qodef-section-title qodef-alignment--center\">\n\t\t<div class=\"qodef-m-content\">\n\t\t\n\t\t    <h3 class=\"qodef-m-subtitle\" style=\"color: #000000\">\n    Bewertung 5    <\/h3>\n\t\t\t\t\t<p class=\"qodef-m-text\" >Wir haben im Mai \/Juni knapp 2 Wochen auf der  Azimut 43 &quot;Lou Ann&quot;  verbracht. Die Yacht pr\u00e4sentierte sich in einem hervorragendem Zustand. Das Alter (BJ 2007) ist ihr dank des Refits und der offensichtlich sehr guten Pflege nicht anzumerken. F\u00fcr eine Charteryacht sehr erfreulich. Die Ausstattung des Bootes ist sehr komfortabel und empfiehlt sich auch f\u00fcr einen l\u00e4ngeren T\u00f6rn. Dazu tragen auch Sat-TV, gro\u00dfer Frischwasser- und Treibstofftank sowie das ger\u00e4umige Layout bei. Wir haben unseren j\u00e4hrlichen Charter Urlaub sehr genossen. Dankesch\u00f6n auch f\u00fcr die professionelle, unkomplizierte und freundliche Abwicklung im Vorfeld und vor Ort. Sehr empfehlenswerter Anbieter aus unserer Betrachtung heraus. Vielen Dank an das gesamte MY SeaTime Management Team. Wir kommen n\u00e4chstes Jahr wieder.\nFacebook Felix Mai<\/p>\n\t<\/div>\n<\/div>\n\t\t<\/div>\n\t\t\t\t<\/div>\n\t\t\t\t<div class=\"elementor-element elementor-element-b84bbc7 elementor-widget-divider--view-line elementor-widget elementor-widget-divider\" data-id=\"b84bbc7\" data-element_type=\"widget\" data-widget_type=\"divider.default\">\n\t\t\t\t<div class=\"elementor-widget-container\">\n\t\t\t\t\t<div class=\"elementor-divider\">\n\t\t\t<span class=\"elementor-divider-separator\">\n\t\t\t\t\t\t<\/span>\n\t\t<\/div>\n\t\t\t\t<\/div>\n\t\t\t\t<\/div>\n\t\t\t\t\t<\/div>\n\t\t<\/div>\n\t\t\t\t\t\t\t<\/div>\n\t\t<\/section>\n\t\t\t\t\t\t\t<\/div>","protected":false},"excerpt":{"rendered":"<p>Feedback Wir f\u00fchlen uns in der Rolle als Dienstleister sehr wohl Bewertung 1 Wir hatten eine unvergessliche Woche in Kroatien. War TOP! Es gab nichts zu bem\u00e4ngeln, super &amp; hilfreiches Team, gute Tipps, unkomplzierte \u00dcbergabe und ein super Skipper. Wir kommen wieder! \ud83d\ude42 \/ Facebook Alessio Saporito Bewertung 2 Wir hatten eine tolle Woche in [&hellip;]<\/p>","protected":false},"author":1,"featured_media":0,"parent":0,"menu_order":0,"comment_status":"closed","ping_status":"closed","template":"","meta":{"footnotes":""},"class_list":["post-5392","page","type-page","status-publish","hentry"],"_links":{"self":[{"href":"https:\/\/my-seatime.com\/en\/wp-json\/wp\/v2\/pages\/5392","targetHints":{"allow":["GET"]}}],"collection":[{"href":"https:\/\/my-seatime.com\/en\/wp-json\/wp\/v2\/pages"}],"about":[{"href":"https:\/\/my-seatime.com\/en\/wp-json\/wp\/v2\/types\/page"}],"author":[{"embeddable":true,"href":"https:\/\/my-seatime.com\/en\/wp-json\/wp\/v2\/users\/1"}],"replies":[{"embeddable":true,"href":"https:\/\/my-seatime.com\/en\/wp-json\/wp\/v2\/comments?post=5392"}],"version-history":[{"count":48,"href":"https:\/\/my-seatime.com\/en\/wp-json\/wp\/v2\/pages\/5392\/revisions"}],"predecessor-version":[{"id":8439,"href":"https:\/\/my-seatime.com\/en\/wp-json\/wp\/v2\/pages\/5392\/revisions\/8439"}],"wp:attachment":[{"href":"https:\/\/my-seatime.com\/en\/wp-json\/wp\/v2\/media?parent=5392"}],"curies":[{"name":"wp","href":"https:\/\/api.w.org\/{rel}","templated":true}]}}